{"id":1086,"date":"2020-01-10T20:42:59","date_gmt":"2020-01-10T19:42:59","guid":{"rendered":"https:\/\/www.stcks.cz\/?page_id=1086"},"modified":"2023-05-26T08:44:14","modified_gmt":"2023-05-26T06:44:14","slug":"ssk-sporck-stara-lysa-z-s","status":"publish","type":"page","link":"https:\/\/www.stcks.cz\/?page_id=1086","title":{"rendered":"SSK SPORCK Star\u00e1 Lys\u00e1, z.s."},"content":{"rendered":"\n<p class=\"wp-block-paragraph\"><strong>SSK SPORCK Star\u00e1 Lys\u00e1, z.s.<\/strong><strong> <\/strong><\/p>\n\n\n\n<p class=\"wp-block-paragraph\">\u010d. klubu <strong>0437<\/strong><\/p>\n\n\n\n<p class=\"wp-block-paragraph\">Star\u00e1 Lys\u00e1 \u010d.p. 190, 289 26 Star\u00e1 Lys\u00e1<\/p>\n\n\n\n<p class=\"wp-block-paragraph\">web:&nbsp; ssksporck.cz<\/p>\n\n\n\n<p class=\"wp-block-paragraph\">mail:&nbsp; <a href=\"mailto:info@ssksporck.cz\">info@ssksporck.cz<\/a><\/p>\n\n\n\n<p class=\"wp-block-paragraph\">I\u010c:&nbsp; 458 28&nbsp;733<\/p>\n\n\n\n<p class=\"wp-block-paragraph\">\u010d.\u00fa. 501952309\/0800<\/p>\n\n\n\n<p class=\"wp-block-paragraph\"><strong>V\u00fdbor klubu<\/strong><\/p>\n\n\n\n<p class=\"wp-block-paragraph\">P\u0159edseda: Du\u0161an Ku\u010dera, Husova 498, 289 22 Lys\u00e1 nad Labem, tel.:\n724&nbsp;246 661<\/p>\n\n\n\n<p class=\"wp-block-paragraph\">Jednatel: Ing. Martin Tane\u010dek, Konecchlum\u00ed 57, 507 05 Konecchlum\u00ed,&nbsp;tel.:&nbsp;606070033<\/p>\n\n\n\n<p class=\"wp-block-paragraph\">Pokladn\u00edk: Stanislav Vre\u0161tiak, Nerudova 445, 289 22 Lys\u00e1 nad Labem, tel.:\n724&nbsp;941 336<\/p>\n","protected":false},"excerpt":{"rendered":"<p>SSK SPORCK Star\u00e1 Lys\u00e1, z.s. \u010d. klubu 0437 Star\u00e1 Lys\u00e1 \u010d.p. 190, 289 26 Star\u00e1 Lys\u00e1 web:&nbsp; ssksporck.cz mail:&nbsp; info@ssksporck.cz I\u010c:&nbsp; 458 28&nbsp;733 \u010d.\u00fa. 501952309\/0800 V\u00fdbor klubu P\u0159edseda: Du\u0161an Ku\u010dera, Husova 498, 289 22 Lys\u00e1 nad Labem, tel.: 724&nbsp;246 661&#8230;<br \/><a class=\"read-more-button\" href=\"https:\/\/www.stcks.cz\/?page_id=1086\">\u010c\u00edst v\u00edce<\/a><\/p>\n","protected":false},"author":1,"featured_media":0,"parent":0,"menu_order":0,"comment_status":"closed","ping_status":"closed","template":"","meta":{"_crdt_document":"","footnotes":""},"class_list":["post-1086","page","type-page","status-publish","hentry"],"_links":{"self":[{"href":"https:\/\/www.stcks.cz\/index.php?rest_route=\/wp\/v2\/pages\/1086","targetHints":{"allow":["GET"]}}],"collection":[{"href":"https:\/\/www.stcks.cz\/index.php?rest_route=\/wp\/v2\/pages"}],"about":[{"href":"https:\/\/www.stcks.cz\/index.php?rest_route=\/wp\/v2\/types\/page"}],"author":[{"embeddable":true,"href":"https:\/\/www.stcks.cz\/index.php?rest_route=\/wp\/v2\/users\/1"}],"replies":[{"embeddable":true,"href":"https:\/\/www.stcks.cz\/index.php?rest_route=%2Fwp%2Fv2%2Fcomments&post=1086"}],"version-history":[{"count":1,"href":"https:\/\/www.stcks.cz\/index.php?rest_route=\/wp\/v2\/pages\/1086\/revisions"}],"predecessor-version":[{"id":1658,"href":"https:\/\/www.stcks.cz\/index.php?rest_route=\/wp\/v2\/pages\/1086\/revisions\/1658"}],"wp:attachment":[{"href":"https:\/\/www.stcks.cz\/index.php?rest_route=%2Fwp%2Fv2%2Fmedia&parent=1086"}],"curies":[{"name":"wp","href":"https:\/\/api.w.org\/{rel}","templated":true}]}}