{"id":132,"date":"2017-04-09T12:20:39","date_gmt":"2017-04-09T10:20:39","guid":{"rendered":"https:\/\/www.stcks.cz\/?page_id=132"},"modified":"2024-01-07T16:13:59","modified_gmt":"2024-01-07T15:13:59","slug":"ssk-ddm-kolin","status":"publish","type":"page","link":"https:\/\/www.stcks.cz\/?page_id=132","title":{"rendered":"SSK DDM Kol\u00edn"},"content":{"rendered":"<p>Vznik sportovn\u00edho st\u0159eleck\u00e9ho klubu DDM Kol\u00edn 0045 je datov\u00e1n ke dni 18.2.2004 kdy byla p\u0159ijata registrace na \u010cesk\u00e9m st\u0159eleck\u00e9m svazu. S\u00eddlo klubu je Pra\u017esk\u00e1 161, Kol\u00edn I, budova Domu d\u011bt\u00ed a ml\u00e1de\u017ee v Kol\u00edn\u011b a vlastn\u00ed sportovn\u00ed \u010dinnost a z\u00e1zem\u00ed m\u00e1 tento odd\u00edl v nov\u011b vybudovan\u00e9 vzduchovkov\u00e9 st\u0159elnici na adrese Pra\u017esk\u00e1 880.<\/p>\n<p>Web: <a href=\"http:\/\/www.sskkolin.cz\" target=\"_blank\" rel=\"noopener\">www.sskkolin.cz<\/a><\/p>\n<p>Mail: ssk.ddm.kolin.0045@gmail.com<\/p>\n","protected":false},"excerpt":{"rendered":"<p>Vznik sportovn\u00edho st\u0159eleck\u00e9ho klubu DDM Kol\u00edn 0045 je datov\u00e1n ke dni 18.2.2004 kdy byla p\u0159ijata registrace na \u010cesk\u00e9m st\u0159eleck\u00e9m svazu. S\u00eddlo klubu je Pra\u017esk\u00e1 161, Kol\u00edn I, budova Domu d\u011bt\u00ed a ml\u00e1de\u017ee v Kol\u00edn\u011b a vlastn\u00ed sportovn\u00ed \u010dinnost a z\u00e1zem\u00ed&#8230;<br \/><a class=\"read-more-button\" href=\"https:\/\/www.stcks.cz\/?page_id=132\">\u010c\u00edst v\u00edce<\/a><\/p>\n","protected":false},"author":1,"featured_media":0,"parent":0,"menu_order":0,"comment_status":"closed","ping_status":"closed","template":"","meta":{"_crdt_document":"","footnotes":""},"class_list":["post-132","page","type-page","status-publish","hentry"],"_links":{"self":[{"href":"https:\/\/www.stcks.cz\/index.php?rest_route=\/wp\/v2\/pages\/132","targetHints":{"allow":["GET"]}}],"collection":[{"href":"https:\/\/www.stcks.cz\/index.php?rest_route=\/wp\/v2\/pages"}],"about":[{"href":"https:\/\/www.stcks.cz\/index.php?rest_route=\/wp\/v2\/types\/page"}],"author":[{"embeddable":true,"href":"https:\/\/www.stcks.cz\/index.php?rest_route=\/wp\/v2\/users\/1"}],"replies":[{"embeddable":true,"href":"https:\/\/www.stcks.cz\/index.php?rest_route=%2Fwp%2Fv2%2Fcomments&post=132"}],"version-history":[{"count":2,"href":"https:\/\/www.stcks.cz\/index.php?rest_route=\/wp\/v2\/pages\/132\/revisions"}],"predecessor-version":[{"id":1729,"href":"https:\/\/www.stcks.cz\/index.php?rest_route=\/wp\/v2\/pages\/132\/revisions\/1729"}],"wp:attachment":[{"href":"https:\/\/www.stcks.cz\/index.php?rest_route=%2Fwp%2Fv2%2Fmedia&parent=132"}],"curies":[{"name":"wp","href":"https:\/\/api.w.org\/{rel}","templated":true}]}}