{"id":37,"date":"2017-04-07T21:34:28","date_gmt":"2017-04-07T19:34:28","guid":{"rendered":"https:\/\/www.stcks.cz\/?page_id=37"},"modified":"2025-07-29T13:04:05","modified_gmt":"2025-07-29T11:04:05","slug":"valne-hromady","status":"publish","type":"page","link":"https:\/\/www.stcks.cz\/?page_id=37","title":{"rendered":"Valn\u00e9 hromady"},"content":{"rendered":"\n<p class=\"wp-block-paragraph\">USNESEN\u00cd z XIII. Valn\u00e9 hromady sportovn\u011b st\u0159eleck\u00fdch klub\u016f \u010cSS, z.s. &#8211; St\u0159edo\u010desk\u00e9ho krajsk\u00e9ho sdru\u017een\u00ed (2025)<\/p>\n\n\n\n<div class=\"wp-block-file\"><a id=\"wp-block-file--media-841579ee-3ff5-4fe6-9942-9d5af8bc44e2\" href=\"https:\/\/www.stcks.cz\/wp-content\/uploads\/2025\/07\/VH-2025-usneseni-mensi.pdf\">VH 2025 &#8211; usnesen\u00ed men\u0161\u00ed<\/a><a href=\"https:\/\/www.stcks.cz\/wp-content\/uploads\/2025\/07\/VH-2025-usneseni-mensi.pdf\" class=\"wp-block-file__button wp-element-button\" download aria-describedby=\"wp-block-file--media-841579ee-3ff5-4fe6-9942-9d5af8bc44e2\">St\u00e1hnout<\/a><\/div>\n\n\n\n<p class=\"wp-block-paragraph\">Scany dokument\u016f z Valn\u00e9 hromady klub\u016f 2017<\/p>\n\n\n\n<figure class=\"wp-block-image\"><a href=\"https:\/\/www.stcks.cz\/wp-content\/uploads\/2017\/04\/Z\u00e1pis-2017.jpg\"><img decoding=\"async\" src=\"https:\/\/www.stcks.cz\/wp-content\/uploads\/2017\/04\/Z\u00e1pis-2017-220x300.jpg\" alt=\"\" class=\"wp-image-274\"\/><\/a><\/figure>\n\n\n\n<figure class=\"wp-block-image\"><a href=\"https:\/\/www.stcks.cz\/wp-content\/uploads\/2017\/04\/U2-17.jpeg\"><img decoding=\"async\" src=\"https:\/\/www.stcks.cz\/wp-content\/uploads\/2017\/04\/U2-17-219x300.jpeg\" alt=\"\" class=\"wp-image-61\"\/><\/a><\/figure>\n\n\n\n<figure class=\"wp-block-image\"><a href=\"https:\/\/www.stcks.cz\/wp-content\/uploads\/2017\/04\/U3-17.jpeg\"><img decoding=\"async\" src=\"https:\/\/www.stcks.cz\/wp-content\/uploads\/2017\/04\/U3-17-219x300.jpeg\" alt=\"\" class=\"wp-image-62\"\/><\/a><\/figure>\n\n\n\n<figure class=\"wp-block-image\"><a href=\"https:\/\/www.stcks.cz\/wp-content\/uploads\/2017\/04\/Usnesen\u00ed-valn\u00e9-hromady-klub\u016f-2017.jpeg\"><img decoding=\"async\" src=\"https:\/\/www.stcks.cz\/wp-content\/uploads\/2017\/04\/Usnesen\u00ed-valn\u00e9-hromady-klub\u016f-2017-219x300.jpeg\" alt=\"\" class=\"wp-image-60\"\/><\/a><\/figure>\n\n\n\n<figure class=\"wp-block-image\"><a href=\"https:\/\/www.stcks.cz\/wp-content\/uploads\/2017\/04\/Z2-17.jpeg\"><img decoding=\"async\" src=\"https:\/\/www.stcks.cz\/wp-content\/uploads\/2017\/04\/Z2-17-219x300.jpeg\" alt=\"\" class=\"wp-image-64\"\/><\/a><\/figure>\n\n\n\n<p class=\"wp-block-paragraph\"><\/p>\n","protected":false},"excerpt":{"rendered":"<p>USNESEN\u00cd z XIII. Valn\u00e9 hromady sportovn\u011b st\u0159eleck\u00fdch klub\u016f \u010cSS, z.s. &#8211; St\u0159edo\u010desk\u00e9ho krajsk\u00e9ho sdru\u017een\u00ed (2025) Scany dokument\u016f z Valn\u00e9 hromady klub\u016f 2017<\/p>\n","protected":false},"author":1,"featured_media":0,"parent":0,"menu_order":0,"comment_status":"closed","ping_status":"closed","template":"","meta":{"_crdt_document":"","footnotes":""},"class_list":["post-37","page","type-page","status-publish","hentry"],"_links":{"self":[{"href":"https:\/\/www.stcks.cz\/index.php?rest_route=\/wp\/v2\/pages\/37","targetHints":{"allow":["GET"]}}],"collection":[{"href":"https:\/\/www.stcks.cz\/index.php?rest_route=\/wp\/v2\/pages"}],"about":[{"href":"https:\/\/www.stcks.cz\/index.php?rest_route=\/wp\/v2\/types\/page"}],"author":[{"embeddable":true,"href":"https:\/\/www.stcks.cz\/index.php?rest_route=\/wp\/v2\/users\/1"}],"replies":[{"embeddable":true,"href":"https:\/\/www.stcks.cz\/index.php?rest_route=%2Fwp%2Fv2%2Fcomments&post=37"}],"version-history":[{"count":3,"href":"https:\/\/www.stcks.cz\/index.php?rest_route=\/wp\/v2\/pages\/37\/revisions"}],"predecessor-version":[{"id":1957,"href":"https:\/\/www.stcks.cz\/index.php?rest_route=\/wp\/v2\/pages\/37\/revisions\/1957"}],"wp:attachment":[{"href":"https:\/\/www.stcks.cz\/index.php?rest_route=%2Fwp%2Fv2%2Fmedia&parent=37"}],"curies":[{"name":"wp","href":"https:\/\/api.w.org\/{rel}","templated":true}]}}