{"id":608,"date":"2018-03-23T11:17:43","date_gmt":"2018-03-23T10:17:43","guid":{"rendered":"https:\/\/www.stcks.cz\/?page_id=608"},"modified":"2018-03-23T11:17:43","modified_gmt":"2018-03-23T10:17:43","slug":"ssk-loyd","status":"publish","type":"page","link":"https:\/\/www.stcks.cz\/?page_id=608","title":{"rendered":"SSK LOYD"},"content":{"rendered":"<h1>SSK LOYD<\/h1>\n<h2>Kontakty<\/h2>\n<div class=\"static-text\">\n<p><strong>Sportovn\u011b st\u0159eleck\u00fd klub ml\u00e1de\u017ee LOYD Jablonec nad Nisou<\/strong><\/p>\n<p><strong>St\u0159eleck\u00e1 11, Jablonec nad Nisou, 466 01<\/strong><\/p>\n<p><strong>info@shooting-loyd.cz<\/strong><\/p>\n<h2>WEB<\/h2>\n<p><a href=\"http:\/\/www.shooting-loyd.cz\/\" target=\"_blank\" rel=\"noopener\">http:\/\/www.shooting-loyd.cz\/<\/a><\/p>\n<p>&nbsp;<\/p>\n<\/div>\n","protected":false},"excerpt":{"rendered":"<p>SSK LOYD Kontakty Sportovn\u011b st\u0159eleck\u00fd klub ml\u00e1de\u017ee LOYD Jablonec nad Nisou St\u0159eleck\u00e1 11, Jablonec nad Nisou, 466 01 info@shooting-loyd.cz WEB http:\/\/www.shooting-loyd.cz\/ &nbsp;<\/p>\n","protected":false},"author":1,"featured_media":0,"parent":0,"menu_order":0,"comment_status":"closed","ping_status":"closed","template":"","meta":{"_crdt_document":"","footnotes":""},"class_list":["post-608","page","type-page","status-publish","hentry"],"_links":{"self":[{"href":"https:\/\/www.stcks.cz\/index.php?rest_route=\/wp\/v2\/pages\/608","targetHints":{"allow":["GET"]}}],"collection":[{"href":"https:\/\/www.stcks.cz\/index.php?rest_route=\/wp\/v2\/pages"}],"about":[{"href":"https:\/\/www.stcks.cz\/index.php?rest_route=\/wp\/v2\/types\/page"}],"author":[{"embeddable":true,"href":"https:\/\/www.stcks.cz\/index.php?rest_route=\/wp\/v2\/users\/1"}],"replies":[{"embeddable":true,"href":"https:\/\/www.stcks.cz\/index.php?rest_route=%2Fwp%2Fv2%2Fcomments&post=608"}],"version-history":[{"count":0,"href":"https:\/\/www.stcks.cz\/index.php?rest_route=\/wp\/v2\/pages\/608\/revisions"}],"wp:attachment":[{"href":"https:\/\/www.stcks.cz\/index.php?rest_route=%2Fwp%2Fv2%2Fmedia&parent=608"}],"curies":[{"name":"wp","href":"https:\/\/api.w.org\/{rel}","templated":true}]}}