{"id":639,"date":"2018-05-25T13:28:01","date_gmt":"2018-05-25T11:28:01","guid":{"rendered":"https:\/\/www.stcks.cz\/?page_id=639"},"modified":"2018-05-25T13:28:01","modified_gmt":"2018-05-25T11:28:01","slug":"gdpr","status":"publish","type":"page","link":"https:\/\/www.stcks.cz\/?page_id=639","title":{"rendered":"GDPR"},"content":{"rendered":"<p><a href=\"https:\/\/www.stcks.cz\/wp-content\/uploads\/2018\/05\/180518-18_js_09_gdpr_vzorovy_formular_souhlas.pdf\">Informace ze shootingu.cz &#8211; GDPR v praxi<\/a><\/p>\n<p><a href=\"https:\/\/www.stcks.cz\/wp-content\/uploads\/2018\/05\/souhlas_se_zpracovanim_osobnich_udaju_180518.pdf\">p\u0159\u00edloha &#8211; souhlas se zpracov\u00e1n\u00edm<\/a><\/p>\n","protected":false},"excerpt":{"rendered":"<p>Informace ze shootingu.cz &#8211; GDPR v praxi p\u0159\u00edloha &#8211; souhlas se zpracov\u00e1n\u00edm<\/p>\n","protected":false},"author":1,"featured_media":0,"parent":0,"menu_order":0,"comment_status":"closed","ping_status":"closed","template":"","meta":{"_crdt_document":"","footnotes":""},"class_list":["post-639","page","type-page","status-publish","hentry"],"_links":{"self":[{"href":"https:\/\/www.stcks.cz\/index.php?rest_route=\/wp\/v2\/pages\/639","targetHints":{"allow":["GET"]}}],"collection":[{"href":"https:\/\/www.stcks.cz\/index.php?rest_route=\/wp\/v2\/pages"}],"about":[{"href":"https:\/\/www.stcks.cz\/index.php?rest_route=\/wp\/v2\/types\/page"}],"author":[{"embeddable":true,"href":"https:\/\/www.stcks.cz\/index.php?rest_route=\/wp\/v2\/users\/1"}],"replies":[{"embeddable":true,"href":"https:\/\/www.stcks.cz\/index.php?rest_route=%2Fwp%2Fv2%2Fcomments&post=639"}],"version-history":[{"count":0,"href":"https:\/\/www.stcks.cz\/index.php?rest_route=\/wp\/v2\/pages\/639\/revisions"}],"wp:attachment":[{"href":"https:\/\/www.stcks.cz\/index.php?rest_route=%2Fwp%2Fv2%2Fmedia&parent=639"}],"curies":[{"name":"wp","href":"https:\/\/api.w.org\/{rel}","templated":true}]}}