{"id":857,"date":"2019-02-12T18:05:44","date_gmt":"2019-02-12T17:05:44","guid":{"rendered":"https:\/\/www.stcks.cz\/?page_id=857"},"modified":"2019-02-12T18:05:44","modified_gmt":"2019-02-12T17:05:44","slug":"ssk-brandys-nad-labem-stara-boleslav","status":"publish","type":"page","link":"https:\/\/www.stcks.cz\/?page_id=857","title":{"rendered":"SSK Brand\u00fds nad Labem &#8211; Star\u00e1 Boleslav"},"content":{"rendered":"\n<p class=\"wp-block-paragraph\">Sportovn\u011b st\u0159eleck\u00fd klub ml\u00e1de\u017ee Brand\u00fds nad Labem &#8211; Star\u00e1 Boleslav<\/p>\n\n\n\n<p class=\"wp-block-paragraph\">Ji\u0159\u00ed Tulach &#8211; p\u0159edseda klubu<br>Z\u0160 Palachova 337, Brand\u00fds nad Labem &#8211; Star\u00e1 Boleslav, 250 01<\/p>\n\n\n\n<p class=\"wp-block-paragraph\">Mail: <a rel=\"noreferrer noopener\" href=\"mailto:sskbrandys@seznam.cz\" target=\"_blank\">sskbrandys@seznam.cz<\/a><br><\/p>\n","protected":false},"excerpt":{"rendered":"<p>Sportovn\u011b st\u0159eleck\u00fd klub ml\u00e1de\u017ee Brand\u00fds nad Labem &#8211; Star\u00e1 Boleslav Ji\u0159\u00ed Tulach &#8211; p\u0159edseda klubuZ\u0160 Palachova 337, Brand\u00fds nad Labem &#8211; Star\u00e1 Boleslav, 250 01 Mail: sskbrandys@seznam.cz<\/p>\n","protected":false},"author":1,"featured_media":0,"parent":0,"menu_order":0,"comment_status":"closed","ping_status":"closed","template":"","meta":{"_crdt_document":"","footnotes":""},"class_list":["post-857","page","type-page","status-publish","hentry"],"_links":{"self":[{"href":"https:\/\/www.stcks.cz\/index.php?rest_route=\/wp\/v2\/pages\/857","targetHints":{"allow":["GET"]}}],"collection":[{"href":"https:\/\/www.stcks.cz\/index.php?rest_route=\/wp\/v2\/pages"}],"about":[{"href":"https:\/\/www.stcks.cz\/index.php?rest_route=\/wp\/v2\/types\/page"}],"author":[{"embeddable":true,"href":"https:\/\/www.stcks.cz\/index.php?rest_route=\/wp\/v2\/users\/1"}],"replies":[{"embeddable":true,"href":"https:\/\/www.stcks.cz\/index.php?rest_route=%2Fwp%2Fv2%2Fcomments&post=857"}],"version-history":[{"count":0,"href":"https:\/\/www.stcks.cz\/index.php?rest_route=\/wp\/v2\/pages\/857\/revisions"}],"wp:attachment":[{"href":"https:\/\/www.stcks.cz\/index.php?rest_route=%2Fwp%2Fv2%2Fmedia&parent=857"}],"curies":[{"name":"wp","href":"https:\/\/api.w.org\/{rel}","templated":true}]}}