{"id":88,"date":"2017-04-09T11:12:49","date_gmt":"2017-04-09T09:12:49","guid":{"rendered":"https:\/\/www.stcks.cz\/?page_id=88"},"modified":"2022-12-26T21:58:24","modified_gmt":"2022-12-26T20:58:24","slug":"odkazy","status":"publish","type":"page","link":"https:\/\/www.stcks.cz\/?page_id=88","title":{"rendered":"Odkazy"},"content":{"rendered":"<h2>Doporu\u010dujeme<\/h2>\n<p><a href=\"http:\/\/www.shooting.cz\/\">\u010cesk\u00fd st\u0159eleck\u00fd svaz<\/a><\/p>\n<p><a href=\"http:\/\/sskbrandys.webnode.cz\/\">SSK Brand\u00fds nad Labem<\/a><\/p>\n<p><a href=\"http:\/\/www.ssksm.cz\/\">SSK Soutok M\u011bln\u00edk<\/a><\/p>\n<p><a href=\"http:\/\/ssk.prezletice.cz\/\">SSK P\u0159ezletice<\/a><\/p>\n<p><a href=\"http:\/\/sskbohemiapodebrady.cz\/\">SSK Pod\u011bbrady<\/a><\/p>\n<p><a href=\"http:\/\/sskcosmanos.blog.cz\/\">SSK Cosmanos<\/a><\/p>\n<p><a href=\"https:\/\/www.sskcelakovice.cz\/\">SSK \u010cel\u00e1kovice<\/a><\/p>\n<p><a href=\"http:\/\/strelba.webnode.cz\/\">SSK \u0160KODA Mlad\u00e1 Boleslav<\/a><\/p>\n<p><a href=\"http:\/\/www.sskkolin.cz\/\">SSK DDM Kol\u00edn<\/a><\/p>\n<p><a href=\"http:\/\/ssk-dvory.wgz.cz\/\">SSK Dvory<\/a><\/p>\n<p><a href=\"http:\/\/www.shooting.cz\/kraje\/stredocesky\/\">Star\u00fd web KS je\u0161t\u011b na shooting.cz<\/a><\/p>\n","protected":false},"excerpt":{"rendered":"<p>Doporu\u010dujeme \u010cesk\u00fd st\u0159eleck\u00fd svaz SSK Brand\u00fds nad Labem SSK Soutok M\u011bln\u00edk SSK P\u0159ezletice SSK Pod\u011bbrady SSK Cosmanos SSK \u010cel\u00e1kovice SSK \u0160KODA Mlad\u00e1 Boleslav SSK DDM Kol\u00edn SSK Dvory Star\u00fd web KS je\u0161t\u011b na shooting.cz<\/p>\n","protected":false},"author":1,"featured_media":0,"parent":0,"menu_order":0,"comment_status":"closed","ping_status":"closed","template":"","meta":{"_crdt_document":"","footnotes":""},"class_list":["post-88","page","type-page","status-publish","hentry"],"_links":{"self":[{"href":"https:\/\/www.stcks.cz\/index.php?rest_route=\/wp\/v2\/pages\/88","targetHints":{"allow":["GET"]}}],"collection":[{"href":"https:\/\/www.stcks.cz\/index.php?rest_route=\/wp\/v2\/pages"}],"about":[{"href":"https:\/\/www.stcks.cz\/index.php?rest_route=\/wp\/v2\/types\/page"}],"author":[{"embeddable":true,"href":"https:\/\/www.stcks.cz\/index.php?rest_route=\/wp\/v2\/users\/1"}],"replies":[{"embeddable":true,"href":"https:\/\/www.stcks.cz\/index.php?rest_route=%2Fwp%2Fv2%2Fcomments&post=88"}],"version-history":[{"count":1,"href":"https:\/\/www.stcks.cz\/index.php?rest_route=\/wp\/v2\/pages\/88\/revisions"}],"predecessor-version":[{"id":1594,"href":"https:\/\/www.stcks.cz\/index.php?rest_route=\/wp\/v2\/pages\/88\/revisions\/1594"}],"wp:attachment":[{"href":"https:\/\/www.stcks.cz\/index.php?rest_route=%2Fwp%2Fv2%2Fmedia&parent=88"}],"curies":[{"name":"wp","href":"https:\/\/api.w.org\/{rel}","templated":true}]}}