{"id":9,"date":"2017-04-07T20:48:52","date_gmt":"2017-04-07T18:48:52","guid":{"rendered":"https:\/\/www.stcks.cz\/?page_id=2"},"modified":"2017-04-07T20:48:52","modified_gmt":"2017-04-07T18:48:52","slug":"zkusebni-stranka-2","status":"publish","type":"page","link":"https:\/\/www.stcks.cz\/?page_id=9","title":{"rendered":"Dokumenty"},"content":{"rendered":"<p>Ozn\u00e1men\u00ed o neplatn\u00e9m raz\u00edtku<\/p>\n<p><a href=\"https:\/\/www.stcks.cz\/wp-content\/uploads\/2018\/03\/Vyr\u030cazeni\u0301-razi\u0301tek-KS-001.jpg\"><img loading=\"lazy\" decoding=\"async\" class=\"size-medium wp-image-603 alignleft\" src=\"https:\/\/www.stcks.cz\/wp-content\/uploads\/2018\/03\/Vyr\u030cazeni\u0301-razi\u0301tek-KS-001-182x300.jpg\" alt=\"\" width=\"182\" height=\"300\" \/><\/a><\/p>\n<p>&nbsp;<\/p>\n<p>&nbsp;<\/p>\n<p>&nbsp;<\/p>\n<p>&nbsp;<\/p>\n<p>&nbsp;<\/p>\n<p>&nbsp;<\/p>\n<p>&nbsp;<\/p>\n<p>&nbsp;<\/p>\n<p>&nbsp;<\/p>\n<p>Registra\u010dn\u00ed list<\/p>\n<p><a href=\"https:\/\/www.stcks.cz\/wp-content\/uploads\/2017\/04\/Reg.list_.KS_2.jpg\"><img loading=\"lazy\" decoding=\"async\" class=\"alignnone wp-image-149 size-medium\" src=\"https:\/\/www.stcks.cz\/wp-content\/uploads\/2017\/04\/Reg.list_.KS_2-213x300.jpg\" alt=\"\" width=\"213\" height=\"300\" \/><\/a><\/p>\n<p>P\u0159id\u011blen\u00ed I\u010cO<\/p>\n<p><a href=\"https:\/\/www.stcks.cz\/wp-content\/uploads\/2017\/04\/I\u010cO-KS.jpg\"><img loading=\"lazy\" decoding=\"async\" class=\"alignnone wp-image-147 size-medium\" src=\"https:\/\/www.stcks.cz\/wp-content\/uploads\/2017\/04\/I\u010cO-KS-213x300.jpg\" alt=\"\" width=\"213\" height=\"300\" \/><\/a><\/p>\n<p>DI\u010c KS<\/p>\n<p><a href=\"https:\/\/www.stcks.cz\/wp-content\/uploads\/2017\/04\/DI\u010c-KS.jpg\"><img loading=\"lazy\" decoding=\"async\" class=\"alignnone wp-image-146 size-medium\" src=\"https:\/\/www.stcks.cz\/wp-content\/uploads\/2017\/04\/DI\u010c-KS-213x300.jpg\" alt=\"\" width=\"213\" height=\"300\" \/><\/a><\/p>\n<p>Ozn\u00e1men\u00ed o neplatn\u00e9m raz\u00edtku<\/p>\n<p><a href=\"https:\/\/www.stcks.cz\/wp-content\/uploads\/2017\/04\/Raz\u00edtka-neplatn\u00e1.jpg\"><img loading=\"lazy\" decoding=\"async\" class=\"alignnone wp-image-148 size-medium\" src=\"https:\/\/www.stcks.cz\/wp-content\/uploads\/2017\/04\/Raz\u00edtka-neplatn\u00e1-213x300.jpg\" alt=\"\" width=\"213\" height=\"300\" \/><\/a><\/p>\n","protected":false},"excerpt":{"rendered":"<p>Ozn\u00e1men\u00ed o neplatn\u00e9m raz\u00edtku &nbsp; &nbsp; &nbsp; &nbsp; &nbsp; &nbsp; &nbsp; &nbsp; &nbsp; Registra\u010dn\u00ed list P\u0159id\u011blen\u00ed I\u010cO DI\u010c KS Ozn\u00e1men\u00ed o neplatn\u00e9m raz\u00edtku<\/p>\n","protected":false},"author":1,"featured_media":0,"parent":0,"menu_order":0,"comment_status":"closed","ping_status":"open","template":"","meta":{"_crdt_document":"","footnotes":""},"class_list":["post-9","page","type-page","status-publish","hentry"],"_links":{"self":[{"href":"https:\/\/www.stcks.cz\/index.php?rest_route=\/wp\/v2\/pages\/9","targetHints":{"allow":["GET"]}}],"collection":[{"href":"https:\/\/www.stcks.cz\/index.php?rest_route=\/wp\/v2\/pages"}],"about":[{"href":"https:\/\/www.stcks.cz\/index.php?rest_route=\/wp\/v2\/types\/page"}],"author":[{"embeddable":true,"href":"https:\/\/www.stcks.cz\/index.php?rest_route=\/wp\/v2\/users\/1"}],"replies":[{"embeddable":true,"href":"https:\/\/www.stcks.cz\/index.php?rest_route=%2Fwp%2Fv2%2Fcomments&post=9"}],"version-history":[{"count":0,"href":"https:\/\/www.stcks.cz\/index.php?rest_route=\/wp\/v2\/pages\/9\/revisions"}],"wp:attachment":[{"href":"https:\/\/www.stcks.cz\/index.php?rest_route=%2Fwp%2Fv2%2Fmedia&parent=9"}],"curies":[{"name":"wp","href":"https:\/\/api.w.org\/{rel}","templated":true}]}}